{"id":44,"date":"2024-06-25T06:42:03","date_gmt":"2024-06-25T06:42:03","guid":{"rendered":"https:\/\/contac.se\/?page_id=44"},"modified":"2024-09-29T18:22:35","modified_gmt":"2024-09-29T18:22:35","slug":"about-us","status":"publish","type":"page","link":"https:\/\/contac.se\/sv\/about-us\/","title":{"rendered":"Om oss"},"content":{"rendered":"<div data-elementor-type=\"wp-page\" data-elementor-id=\"44\" class=\"elementor elementor-44\" data-elementor-post-type=\"page\">\n\t\t\t\t<div class=\"elementor-element elementor-element-6b80003 e-con-full e-flex e-con e-parent\" data-id=\"6b80003\" data-element_type=\"container\" data-e-type=\"container\" data-settings=\"{&quot;background_background&quot;:&quot;classic&quot;}\">\n\t\t<div class=\"elementor-element elementor-element-bc5d734 e-flex e-con-boxed e-con e-child\" data-id=\"bc5d734\" data-element_type=\"container\" data-e-type=\"container\" data-settings=\"{&quot;position&quot;:&quot;absolute&quot;}\">\n\t\t\t\t\t<div class=\"e-con-inner\">\n\t\t\t\t\t<\/div>\n\t\t\t\t<\/div>\n\t\t<div class=\"elementor-element elementor-element-0ef3a35 e-flex e-con-boxed e-con e-child\" data-id=\"0ef3a35\" data-element_type=\"container\" data-e-type=\"container\" data-settings=\"{&quot;background_background&quot;:&quot;classic&quot;}\">\n\t\t\t\t\t<div class=\"e-con-inner\">\n\t\t\t\t<div class=\"elementor-element elementor-element-b9ee6ef elementor-widget elementor-widget-heading\" data-id=\"b9ee6ef\" data-element_type=\"widget\" data-e-type=\"widget\" data-widget_type=\"heading.default\">\n\t\t\t\t<div class=\"elementor-widget-container\">\n\t\t\t\t\t<h1 class=\"elementor-heading-title elementor-size-default\">Om oss<\/h1>\t\t\t\t<\/div>\n\t\t\t\t<\/div>\n\t\t<div class=\"elementor-element elementor-element-df43e6d e-con-full e-flex e-con e-child\" data-id=\"df43e6d\" data-element_type=\"container\" data-e-type=\"container\">\n\t\t<div class=\"elementor-element elementor-element-a6997ed e-con-full e-flex e-con e-child\" data-id=\"a6997ed\" data-element_type=\"container\" data-e-type=\"container\">\n\t\t\t\t<div class=\"elementor-element elementor-element-b8a5171 elementor-widget elementor-widget-heading\" data-id=\"b8a5171\" data-element_type=\"widget\" data-e-type=\"widget\" data-widget_type=\"heading.default\">\n\t\t\t\t<div class=\"elementor-widget-container\">\n\t\t\t\t\t<h2 class=\"elementor-heading-title elementor-size-default\">S\u00e4ljer till<\/h2>\t\t\t\t<\/div>\n\t\t\t\t<\/div>\n\t\t\t\t<div class=\"elementor-element elementor-element-5398586 elementor-widget elementor-widget-counter\" data-id=\"5398586\" data-element_type=\"widget\" data-e-type=\"widget\" data-widget_type=\"counter.default\">\n\t\t\t\t<div class=\"elementor-widget-container\">\n\t\t\t\t\t\t\t<div class=\"elementor-counter\">\n\t\t\t<div class=\"elementor-counter-title\">L\u00e4nder<\/div>\t\t\t<div class=\"elementor-counter-number-wrapper\">\n\t\t\t\t<span class=\"elementor-counter-number-prefix\"><\/span>\n\t\t\t\t<span class=\"elementor-counter-number\" data-duration=\"2000\" data-to-value=\"28\" data-from-value=\"0\" data-delimiter=\",\">0<\/span>\n\t\t\t\t<span class=\"elementor-counter-number-suffix\"><\/span>\n\t\t\t<\/div>\n\t\t<\/div>\n\t\t\t\t\t\t<\/div>\n\t\t\t\t<\/div>\n\t\t\t\t<\/div>\n\t\t<div class=\"elementor-element elementor-element-c165b2c e-con-full e-flex e-con e-child\" data-id=\"c165b2c\" data-element_type=\"container\" data-e-type=\"container\">\n\t\t\t\t<div class=\"elementor-element elementor-element-0fe9c2f elementor-widget elementor-widget-heading\" data-id=\"0fe9c2f\" data-element_type=\"widget\" data-e-type=\"widget\" data-widget_type=\"heading.default\">\n\t\t\t\t<div class=\"elementor-widget-container\">\n\t\t\t\t\t<h2 class=\"elementor-heading-title elementor-size-default\">Levererar<\/h2>\t\t\t\t<\/div>\n\t\t\t\t<\/div>\n\t\t\t\t<div class=\"elementor-element elementor-element-a26436d elementor-widget elementor-widget-counter\" data-id=\"a26436d\" data-element_type=\"widget\" data-e-type=\"widget\" data-widget_type=\"counter.default\">\n\t\t\t\t<div class=\"elementor-widget-container\">\n\t\t\t\t\t\t\t<div class=\"elementor-counter\">\n\t\t\t<div class=\"elementor-counter-title\">Unika artiklar<\/div>\t\t\t<div class=\"elementor-counter-number-wrapper\">\n\t\t\t\t<span class=\"elementor-counter-number-prefix\"><\/span>\n\t\t\t\t<span class=\"elementor-counter-number\" data-duration=\"2000\" data-to-value=\"4000\" data-from-value=\"0\" data-delimiter=\",\">0<\/span>\n\t\t\t\t<span class=\"elementor-counter-number-suffix\"><\/span>\n\t\t\t<\/div>\n\t\t<\/div>\n\t\t\t\t\t\t<\/div>\n\t\t\t\t<\/div>\n\t\t\t\t<\/div>\n\t\t<div class=\"elementor-element elementor-element-9b8d4db e-con-full e-flex e-con e-child\" data-id=\"9b8d4db\" data-element_type=\"container\" data-e-type=\"container\">\n\t\t\t\t<div class=\"elementor-element elementor-element-b9db318 elementor-widget elementor-widget-heading\" data-id=\"b9db318\" data-element_type=\"widget\" data-e-type=\"widget\" data-widget_type=\"heading.default\">\n\t\t\t\t<div class=\"elementor-widget-container\">\n\t\t\t\t\t<h2 class=\"elementor-heading-title elementor-size-default\">Syssels\u00e4tter<\/h2>\t\t\t\t<\/div>\n\t\t\t\t<\/div>\n\t\t\t\t<div class=\"elementor-element elementor-element-3e9a5c3 elementor-widget elementor-widget-counter\" data-id=\"3e9a5c3\" data-element_type=\"widget\" data-e-type=\"widget\" data-widget_type=\"counter.default\">\n\t\t\t\t<div class=\"elementor-widget-container\">\n\t\t\t\t\t\t\t<div class=\"elementor-counter\">\n\t\t\t<div class=\"elementor-counter-title\">Personer<\/div>\t\t\t<div class=\"elementor-counter-number-wrapper\">\n\t\t\t\t<span class=\"elementor-counter-number-prefix\"><\/span>\n\t\t\t\t<span class=\"elementor-counter-number\" data-duration=\"2000\" data-to-value=\"290\" data-from-value=\"0\" data-delimiter=\",\">0<\/span>\n\t\t\t\t<span class=\"elementor-counter-number-suffix\"><\/span>\n\t\t\t<\/div>\n\t\t<\/div>\n\t\t\t\t\t\t<\/div>\n\t\t\t\t<\/div>\n\t\t\t\t<\/div>\n\t\t\t\t<\/div>\n\t\t\t\t\t<\/div>\n\t\t\t\t<\/div>\n\t\t\t\t<\/div>\n\t\t<div class=\"elementor-element elementor-element-e8451f0 e-flex e-con-boxed e-con e-parent\" data-id=\"e8451f0\" data-element_type=\"container\" data-e-type=\"container\" data-settings=\"{&quot;background_background&quot;:&quot;classic&quot;}\">\n\t\t\t\t\t<div class=\"e-con-inner\">\n\t\t<div class=\"elementor-element elementor-element-81656da e-con-full e-flex e-con e-child\" data-id=\"81656da\" data-element_type=\"container\" data-e-type=\"container\" data-settings=\"{&quot;position&quot;:&quot;absolute&quot;,&quot;background_background&quot;:&quot;classic&quot;}\">\n\t\t\t\t<\/div>\n\t\t<div class=\"elementor-element elementor-element-122ac04 e-con-full e-flex e-con e-child\" data-id=\"122ac04\" data-element_type=\"container\" data-e-type=\"container\">\n\t\t<div class=\"elementor-element elementor-element-5eb55ae e-con-full e-flex e-con e-child\" data-id=\"5eb55ae\" data-element_type=\"container\" data-e-type=\"container\" data-settings=\"{&quot;background_background&quot;:&quot;classic&quot;}\">\n\t\t\t\t<div class=\"elementor-element elementor-element-be37739 elementor-widget elementor-widget-heading\" data-id=\"be37739\" data-element_type=\"widget\" data-e-type=\"widget\" data-widget_type=\"heading.default\">\n\t\t\t\t<div class=\"elementor-widget-container\">\n\t\t\t\t\t<h2 class=\"elementor-heading-title elementor-size-default\">Kundanpassade <span style=\"font-weight: 700\">Kablagel\u00f6sningar<\/span><\/h2>\t\t\t\t<\/div>\n\t\t\t\t<\/div>\n\t\t\t\t<div class=\"elementor-element elementor-element-071b97c elementor-widget__width-initial elementor-widget elementor-widget-text-editor\" data-id=\"071b97c\" data-element_type=\"widget\" data-e-type=\"widget\" data-widget_type=\"text-editor.default\">\n\t\t\t\t<div class=\"elementor-widget-container\">\n\t\t\t\t\t\t\t\t\t<p>P\u00e5 Contac drivs vi av att leverera innovativa och kostnadseffektiva kabell\u00f6sningar,\nskr\u00e4ddarsydda f\u00f6r att hantera de mest komplexa utmaningarna som v\u00e5ra kunder m\u00f6ter.\nV\u00e5rt breda utbud inkluderar allt fr\u00e5n gjutna kablar och kabelstammar till kontakter och\nmonterade produkter som paneler och elektromekaniska system. Med v\u00e5ra strategiskt\nplacerade produktionsanl\u00e4ggningar i Sverige, Rum\u00e4nien och Kina kan vi hantera b\u00e5de\nsm\u00e5 och stora volymer, alltid med fokus p\u00e5 h\u00f6g kvalitet och kundunika l\u00f6sningar. Genom\natt beh\u00e5lla viktiga produktionssteg i egen regi, s\u00e4kerst\u00e4ller vi att varje leverans lever upp\ntill v\u00e5ra h\u00f6ga standarder. Det h\u00e4r \u00e4r vad vi kallar en Contac-l\u00f6sning.<\/p>\t\t\t\t\t\t\t\t<\/div>\n\t\t\t\t<\/div>\n\t\t\t\t<\/div>\n\t\t<div class=\"elementor-element elementor-element-a3c8c05 e-con-full e-flex e-con e-child\" data-id=\"a3c8c05\" data-element_type=\"container\" data-e-type=\"container\" data-settings=\"{&quot;background_background&quot;:&quot;classic&quot;}\">\n\t\t\t\t<div class=\"elementor-element elementor-element-e616f0d elementor-widget__width-initial elementor-widget elementor-widget-heading\" data-id=\"e616f0d\" data-element_type=\"widget\" data-e-type=\"widget\" data-widget_type=\"heading.default\">\n\t\t\t\t<div class=\"elementor-widget-container\">\n\t\t\t\t\t<h2 class=\"elementor-heading-title elementor-size-default\"><span style=\"font-weight: 700\">V\u00e5r produktion<\/span> - FULL KONTROLL OCH FLEXIBILITET<\/h2>\t\t\t\t<\/div>\n\t\t\t\t<\/div>\n\t\t\t\t<div class=\"elementor-element elementor-element-f734dd6 elementor-widget__width-initial elementor-widget elementor-widget-text-editor\" data-id=\"f734dd6\" data-element_type=\"widget\" data-e-type=\"widget\" data-widget_type=\"text-editor.default\">\n\t\t\t\t<div class=\"elementor-widget-container\">\n\t\t\t\t\t\t\t\t\t<p>Med toppmoderna produktionsanl\u00e4ggningar i Sverige, Rum\u00e4nien och Kina kan vi erbjuda\nen rad olika l\u00f6sningar, fr\u00e5n gjutna kablar till metall- och plastdetaljer, och \u00e4ven\nspecialiserade l\u00f6sningar inom textil. Oavsett om det r\u00f6r sig om enkla kabell\u00f6sningar eller\navancerade system med kretskort och kundspecifika kablar, ser v\u00e5rt globala n\u00e4tverk av\nleverant\u00f6rer och v\u00e5ra lokala produktionsenheter till att du f\u00e5r snabba och effektiva\nleveranser.<\/p>\t\t\t\t\t\t\t\t<\/div>\n\t\t\t\t<\/div>\n\t\t\t\t<\/div>\n\t\t\t\t<\/div>\n\t\t<div class=\"elementor-element elementor-element-0396b8c e-con-full e-flex e-con e-child\" data-id=\"0396b8c\" data-element_type=\"container\" data-e-type=\"container\">\n\t\t<div class=\"elementor-element elementor-element-c5d0628 e-con-full e-flex e-con e-child\" data-id=\"c5d0628\" data-element_type=\"container\" data-e-type=\"container\" data-settings=\"{&quot;background_background&quot;:&quot;classic&quot;}\">\n\t\t\t\t<div class=\"elementor-element elementor-element-6938f19 elementor-widget elementor-widget-image\" data-id=\"6938f19\" data-element_type=\"widget\" data-e-type=\"widget\" data-widget_type=\"image.default\">\n\t\t\t\t<div class=\"elementor-widget-container\">\n\t\t\t\t\t\t\t\t\t\t\t\t\t\t\t<img fetchpriority=\"high\" decoding=\"async\" width=\"673\" height=\"398\" src=\"https:\/\/contac.se\/wp-content\/uploads\/2024\/07\/191031_Produktion_ljungby_123-2.jpg\" class=\"attachment-large size-large wp-image-818\" alt=\"\" srcset=\"https:\/\/contac.se\/wp-content\/uploads\/2024\/07\/191031_Produktion_ljungby_123-2.jpg 673w, https:\/\/contac.se\/wp-content\/uploads\/2024\/07\/191031_Produktion_ljungby_123-2-300x177.jpg 300w, https:\/\/contac.se\/wp-content\/uploads\/2024\/07\/191031_Produktion_ljungby_123-2-18x12.jpg 18w\" sizes=\"(max-width: 673px) 100vw, 673px\" \/>\t\t\t\t\t\t\t\t\t\t\t\t\t\t\t<\/div>\n\t\t\t\t<\/div>\n\t\t\t\t<\/div>\n\t\t<div class=\"elementor-element elementor-element-f5f0c83 e-con-full e-flex e-con e-child\" data-id=\"f5f0c83\" data-element_type=\"container\" data-e-type=\"container\" data-settings=\"{&quot;background_background&quot;:&quot;classic&quot;}\">\n\t\t\t\t<div class=\"elementor-element elementor-element-011ddee elementor-widget elementor-widget-heading\" data-id=\"011ddee\" data-element_type=\"widget\" data-e-type=\"widget\" data-widget_type=\"heading.default\">\n\t\t\t\t<div class=\"elementor-widget-container\">\n\t\t\t\t\t<h2 class=\"elementor-heading-title elementor-size-default\">EN GLOBAL LEDARE<\/h2>\t\t\t\t<\/div>\n\t\t\t\t<\/div>\n\t\t\t\t<div class=\"elementor-element elementor-element-1b0d1fd elementor-widget__width-initial elementor-widget elementor-widget-text-editor\" data-id=\"1b0d1fd\" data-element_type=\"widget\" data-e-type=\"widget\" data-widget_type=\"text-editor.default\">\n\t\t\t\t<div class=\"elementor-widget-container\">\n\t\t\t\t\t\t\t\t\t<p>Contac har vuxit till att bli en global ledare inom special- och kundanpassade\nkabell\u00f6sningar. \u00c5r efter \u00e5r har vi fortsatt att utvecklas och omfamna ny teknik f\u00f6r att kunna\nm\u00f6ta v\u00e5ra kunders behov p\u00e5 b\u00e4sta s\u00e4tt. V\u00e5r framg\u00e5ng bygger p\u00e5 ett starkt engagemang\nf\u00f6r kvalitet och en vilja att alltid ligga i framkant n\u00e4r det g\u00e4ller teknologiska framsteg \u2013 s\u00e5\natt vi alltid kan erbjuda de b\u00e4sta l\u00f6sningarna f\u00f6r dig.<\/p>\t\t\t\t\t\t\t\t<\/div>\n\t\t\t\t<\/div>\n\t\t\t\t<\/div>\n\t\t\t\t<\/div>\n\t\t\t\t\t<\/div>\n\t\t\t\t<\/div>\n\t\t<div class=\"elementor-element elementor-element-5d12e31 e-con-full e-flex e-con e-parent\" data-id=\"5d12e31\" data-element_type=\"container\" data-e-type=\"container\">\n\t\t<div class=\"elementor-element elementor-element-2a5e4d9 e-con-full e-flex e-con e-child\" data-id=\"2a5e4d9\" data-element_type=\"container\" data-e-type=\"container\">\n\t\t<div class=\"elementor-element elementor-element-fe4e962 e-con-full e-flex e-con e-child\" data-id=\"fe4e962\" data-element_type=\"container\" data-e-type=\"container\" data-settings=\"{&quot;background_background&quot;:&quot;classic&quot;}\">\n\t\t\t\t<\/div>\n\t\t<div class=\"elementor-element elementor-element-f1b0aff e-con-full elementor-hidden-mobile e-flex e-con e-child\" data-id=\"f1b0aff\" data-element_type=\"container\" data-e-type=\"container\" data-settings=\"{&quot;background_background&quot;:&quot;classic&quot;}\">\n\t\t\t\t<\/div>\n\t\t\t\t<\/div>\n\t\t<div class=\"elementor-element elementor-element-96e6650 e-con-full e-flex e-con e-child\" data-id=\"96e6650\" data-element_type=\"container\" data-e-type=\"container\" data-settings=\"{&quot;background_background&quot;:&quot;classic&quot;}\">\n\t\t<div class=\"elementor-element elementor-element-8e28f7c e-con-full elementor-hidden-mobile e-flex e-con e-child\" data-id=\"8e28f7c\" data-element_type=\"container\" data-e-type=\"container\" data-settings=\"{&quot;background_background&quot;:&quot;classic&quot;}\">\n\t\t\t\t<\/div>\n\t\t<div class=\"elementor-element elementor-element-0fb57a2 e-con-full elementor-hidden-mobile e-flex e-con e-child\" data-id=\"0fb57a2\" data-element_type=\"container\" data-e-type=\"container\" data-settings=\"{&quot;background_background&quot;:&quot;classic&quot;}\">\n\t\t\t\t<\/div>\n\t\t\t\t<\/div>\n\t\t<div class=\"elementor-element elementor-element-cae3e47 e-flex e-con-boxed e-con e-child\" data-id=\"cae3e47\" data-element_type=\"container\" data-e-type=\"container\">\n\t\t\t\t\t<div class=\"e-con-inner\">\n\t\t\t\t<div class=\"elementor-element elementor-element-5257e28 elementor-widget elementor-widget-heading\" data-id=\"5257e28\" data-element_type=\"widget\" data-e-type=\"widget\" data-widget_type=\"heading.default\">\n\t\t\t\t<div class=\"elementor-widget-container\">\n\t\t\t\t\t<h2 class=\"elementor-heading-title elementor-size-default\">K\u00c4RNAN I CONTAC\u00a0<\/h2>\t\t\t\t<\/div>\n\t\t\t\t<\/div>\n\t\t\t\t<div class=\"elementor-element elementor-element-7f1ee63 elementor-widget__width-initial elementor-widget elementor-widget-text-editor\" data-id=\"7f1ee63\" data-element_type=\"widget\" data-e-type=\"widget\" data-widget_type=\"text-editor.default\">\n\t\t\t\t<div class=\"elementor-widget-container\">\n\t\t\t\t\t\t\t\t\t<p>Kvalitet, innovation, kundfokus och h\u00e5llbarhet \u2013 det \u00e4r vad som driver oss varje dag.\nDessa v\u00e4rderingar genomsyrar allt vi g\u00f6r och bidrar till att vi ofta n\u00e5r v\u00e5rt m\u00e5l om att\n\u00f6vertr\u00e4ffa v\u00e5ra kunders f\u00f6rv\u00e4ntningar. Vi \u00e4r h\u00e4r f\u00f6r att skapa l\u00f6sningar som verkligen g\u00f6r\nskillnad f\u00f6r v\u00e5ra kunder och hj\u00e4lper dem att lyckas i sina aff\u00e4rer.<\/p>\t\t\t\t\t\t\t\t<\/div>\n\t\t\t\t<\/div>\n\t\t\t\t<div class=\"elementor-element elementor-element-ab59846 elementor-widget elementor-widget-spacer\" data-id=\"ab59846\" data-element_type=\"widget\" data-e-type=\"widget\" data-widget_type=\"spacer.default\">\n\t\t\t\t<div class=\"elementor-widget-container\">\n\t\t\t\t\t\t\t<div class=\"elementor-spacer\">\n\t\t\t<div class=\"elementor-spacer-inner\"><\/div>\n\t\t<\/div>\n\t\t\t\t\t\t<\/div>\n\t\t\t\t<\/div>\n\t\t\t\t<div class=\"elementor-element elementor-element-82da750 elementor-widget elementor-widget-heading\" data-id=\"82da750\" data-element_type=\"widget\" data-e-type=\"widget\" data-widget_type=\"heading.default\">\n\t\t\t\t<div class=\"elementor-widget-container\">\n\t\t\t\t\t<h2 class=\"elementor-heading-title elementor-size-default\">V\u00c5RT \u00c5TAGANDE\u00a0<\/h2>\t\t\t\t<\/div>\n\t\t\t\t<\/div>\n\t\t\t\t<div class=\"elementor-element elementor-element-bfb81d2 elementor-widget__width-initial elementor-widget elementor-widget-text-editor\" data-id=\"bfb81d2\" data-element_type=\"widget\" data-e-type=\"widget\" data-widget_type=\"text-editor.default\">\n\t\t\t\t<div class=\"elementor-widget-container\">\n\t\t\t\t\t\t\t\t\t<p>Vi \u00e4r fast beslutna att st\u00e4ndigt f\u00f6rb\u00e4ttras och h\u00e5lla oss i framkant av tekniska framsteg. Vi\narbetar alltid f\u00f6r att m\u00f6ta de h\u00f6gsta kraven p\u00e5 prestanda och tillf\u00f6rlitlighet. V\u00e5rt m\u00e5l \u00e4r att\nge dig l\u00f6sningar som inte bara driver din framg\u00e5ng, utan ocks\u00e5 st\u00f6djer dina\nh\u00e5llbarhetsm\u00e5l, s\u00e5 att vi f\u00f6rblir en p\u00e5litlig partner i din tillv\u00e4xt.<\/p>\t\t\t\t\t\t\t\t<\/div>\n\t\t\t\t<\/div>\n\t\t\t\t\t<\/div>\n\t\t\t\t<\/div>\n\t\t\t\t<\/div>\n\t\t<div class=\"elementor-element elementor-element-fc2983e e-flex e-con-boxed e-con e-parent\" data-id=\"fc2983e\" data-element_type=\"container\" data-e-type=\"container\">\n\t\t\t\t\t<div class=\"e-con-inner\">\n\t\t\t\t<div class=\"elementor-element elementor-element-ee09721 elementor-widget elementor-widget-heading\" data-id=\"ee09721\" data-element_type=\"widget\" data-e-type=\"widget\" data-widget_type=\"heading.default\">\n\t\t\t\t<div class=\"elementor-widget-container\">\n\t\t\t\t\t<h2 class=\"elementor-heading-title elementor-size-default\">V\u00e5r historia<\/h2>\t\t\t\t<\/div>\n\t\t\t\t<\/div>\n\t\t\t\t<div class=\"elementor-element elementor-element-6bdcb11 elementor-hidden-tablet elementor-hidden-mobile elementor-widget elementor-widget-image\" data-id=\"6bdcb11\" data-element_type=\"widget\" data-e-type=\"widget\" data-widget_type=\"image.default\">\n\t\t\t\t<div class=\"elementor-widget-container\">\n\t\t\t\t\t\t\t\t\t\t\t\t\t\t\t<img decoding=\"async\" width=\"1299\" height=\"834\" src=\"https:\/\/contac.se\/wp-content\/uploads\/2024\/10\/timeline_swe.svg\" class=\"attachment-full size-full wp-image-1407\" alt=\"\" \/>\t\t\t\t\t\t\t\t\t\t\t\t\t\t\t<\/div>\n\t\t\t\t<\/div>\n\t\t\t\t<div class=\"elementor-element elementor-element-056f323 elementor-hidden-desktop elementor-widget-tablet__width-initial elementor-widget elementor-widget-image\" data-id=\"056f323\" data-element_type=\"widget\" data-e-type=\"widget\" data-widget_type=\"image.default\">\n\t\t\t\t<div class=\"elementor-widget-container\">\n\t\t\t\t\t\t\t\t\t\t\t\t\t\t\t<img decoding=\"async\" width=\"201\" height=\"1024\" src=\"https:\/\/contac.se\/wp-content\/uploads\/2024\/10\/timeline_swe_mobile.svg\" class=\"attachment-large size-large wp-image-1292\" alt=\"\" \/>\t\t\t\t\t\t\t\t\t\t\t\t\t\t\t<\/div>\n\t\t\t\t<\/div>\n\t\t\t\t\t<\/div>\n\t\t\t\t<\/div>\n\t\t<div class=\"elementor-element elementor-element-5849ec0 e-flex e-con-boxed e-con e-parent\" data-id=\"5849ec0\" data-element_type=\"container\" data-e-type=\"container\">\n\t\t\t\t\t<div class=\"e-con-inner\">\n\t\t\t\t<div class=\"elementor-element elementor-element-c467557 elementor-widget elementor-widget-heading\" data-id=\"c467557\" data-element_type=\"widget\" data-e-type=\"widget\" data-widget_type=\"heading.default\">\n\t\t\t\t<div class=\"elementor-widget-container\">\n\t\t\t\t\t<h3 class=\"elementor-heading-title elementor-size-default\">Vi hanterar b\u00e5de<br>\n<span style=\"font-weight: 700\">sm\u00e5 och stora volymer<\/span><\/h3>\t\t\t\t<\/div>\n\t\t\t\t<\/div>\n\t\t\t\t\t<\/div>\n\t\t\t\t<\/div>\n\t\t\t\t<\/div>","protected":false},"excerpt":{"rendered":"<p>Selling to Countries 0 Delivering Unique articles 0 Employing People 0 Customized Cable Solutions At Contac, we pride ourselves on delivering innovative and cost-effective customized cable solutions that tackle the most complex challenges. Our extensive range of products includes moulded cables, cable harnesses, connectors, and assembled products such as panels and electro mechanical assemblies. With [&hellip;]<\/p>\n","protected":false},"author":1,"featured_media":0,"parent":0,"menu_order":0,"comment_status":"closed","ping_status":"closed","template":"","meta":{"_acf_changed":false,"footnotes":""},"class_list":["post-44","page","type-page","status-publish","hentry"],"acf":[],"_links":{"self":[{"href":"https:\/\/contac.se\/sv\/wp-json\/wp\/v2\/pages\/44","targetHints":{"allow":["GET"]}}],"collection":[{"href":"https:\/\/contac.se\/sv\/wp-json\/wp\/v2\/pages"}],"about":[{"href":"https:\/\/contac.se\/sv\/wp-json\/wp\/v2\/types\/page"}],"author":[{"embeddable":true,"href":"https:\/\/contac.se\/sv\/wp-json\/wp\/v2\/users\/1"}],"replies":[{"embeddable":true,"href":"https:\/\/contac.se\/sv\/wp-json\/wp\/v2\/comments?post=44"}],"version-history":[{"count":196,"href":"https:\/\/contac.se\/sv\/wp-json\/wp\/v2\/pages\/44\/revisions"}],"predecessor-version":[{"id":1540,"href":"https:\/\/contac.se\/sv\/wp-json\/wp\/v2\/pages\/44\/revisions\/1540"}],"wp:attachment":[{"href":"https:\/\/contac.se\/sv\/wp-json\/wp\/v2\/media?parent=44"}],"curies":[{"name":"wp","href":"https:\/\/api.w.org\/{rel}","templated":true}]}}