{"id":42,"date":"2024-06-25T06:41:49","date_gmt":"2024-06-25T06:41:49","guid":{"rendered":"https:\/\/contac.se\/?page_id=42"},"modified":"2024-08-19T12:28:14","modified_gmt":"2024-08-19T12:28:14","slug":"applications","status":"publish","type":"page","link":"https:\/\/contac.se\/sv\/applications\/","title":{"rendered":"Applikationer"},"content":{"rendered":"\t\t<div data-elementor-type=\"wp-page\" data-elementor-id=\"42\" class=\"elementor elementor-42\" data-elementor-post-type=\"page\">\n\t\t\t\t<div class=\"elementor-element elementor-element-a7d0713 e-con-full e-flex e-con e-parent\" data-id=\"a7d0713\" data-element_type=\"container\" data-e-type=\"container\" data-settings=\"{&quot;background_background&quot;:&quot;classic&quot;}\">\n\t\t<div class=\"elementor-element elementor-element-706b270 e-flex e-con-boxed e-con e-child\" data-id=\"706b270\" data-element_type=\"container\" data-e-type=\"container\" data-settings=\"{&quot;position&quot;:&quot;absolute&quot;}\">\n\t\t\t\t\t<div class=\"e-con-inner\">\n\t\t\t\t\t<\/div>\n\t\t\t\t<\/div>\n\t\t<div class=\"elementor-element elementor-element-8e30435 e-con-full e-flex e-con e-child\" data-id=\"8e30435\" data-element_type=\"container\" data-e-type=\"container\" data-settings=\"{&quot;background_background&quot;:&quot;classic&quot;}\">\n\t\t\t\t<div class=\"elementor-element elementor-element-d787f4b elementor-widget elementor-widget-heading\" data-id=\"d787f4b\" data-element_type=\"widget\" data-e-type=\"widget\" data-widget_type=\"heading.default\">\n\t\t\t\t<div class=\"elementor-widget-container\">\n\t\t\t\t\t<h1 class=\"elementor-heading-title elementor-size-default\">Applications<\/h1>\t\t\t\t<\/div>\n\t\t\t\t<\/div>\n\t\t\t\t<\/div>\n\t\t\t\t<\/div>\n\t\t<div class=\"elementor-element elementor-element-18bfc57 e-flex e-con-boxed e-con e-parent\" data-id=\"18bfc57\" data-element_type=\"container\" data-e-type=\"container\" data-settings=\"{&quot;background_background&quot;:&quot;classic&quot;}\">\n\t\t\t\t\t<div class=\"e-con-inner\">\n\t\t\t\t<div class=\"elementor-element elementor-element-8ebf3bc elementor-grid-3 elementor-grid-tablet-2 elementor-grid-mobile-1 elementor-widget elementor-widget-loop-grid\" data-id=\"8ebf3bc\" data-element_type=\"widget\" data-e-type=\"widget\" data-settings=\"{&quot;template_id&quot;:&quot;877&quot;,&quot;masonry&quot;:&quot;yes&quot;,&quot;row_gap&quot;:{&quot;unit&quot;:&quot;px&quot;,&quot;size&quot;:20,&quot;sizes&quot;:[]},&quot;_skin&quot;:&quot;post&quot;,&quot;columns&quot;:&quot;3&quot;,&quot;columns_tablet&quot;:&quot;2&quot;,&quot;columns_mobile&quot;:&quot;1&quot;,&quot;edit_handle_selector&quot;:&quot;[data-elementor-type=\\&quot;loop-item\\&quot;]&quot;,&quot;row_gap_tablet&quot;:{&quot;unit&quot;:&quot;px&quot;,&quot;size&quot;:&quot;&quot;,&quot;sizes&quot;:[]},&quot;row_gap_mobile&quot;:{&quot;unit&quot;:&quot;px&quot;,&quot;size&quot;:&quot;&quot;,&quot;sizes&quot;:[]}}\" data-widget_type=\"loop-grid.post\">\n\t\t\t\t<div class=\"elementor-widget-container\">\n\t\t\t\t\t\t\t<div class=\"elementor-loop-container elementor-grid\" role=\"list\">\n\t\t<style id=\"loop-dynamic-877\">.e-loop-item-151 .elementor-element.elementor-element-c6a88f9:not(.elementor-motion-effects-element-type-background), .e-loop-item-151 .elementor-element.elementor-element-c6a88f9 > .elementor-motion-effects-container > .elementor-motion-effects-layer{background-image:url(\"https:\/\/contac.se\/wp-content\/uploads\/2024\/07\/opt-agri.png\");}<\/style><style id=\"loop-877\">.elementor-877 .elementor-element.elementor-element-c6a88f9{--display:flex;--min-height:425px;--justify-content:flex-end;--overlay-opacity:0.8;--padding-top:0px;--padding-bottom:0px;--padding-left:0px;--padding-right:0px;}.elementor-877 .elementor-element.elementor-element-c6a88f9:not(.elementor-motion-effects-element-type-background), .elementor-877 .elementor-element.elementor-element-c6a88f9 > .elementor-motion-effects-container > .elementor-motion-effects-layer{background-size:cover;}.elementor-877 .elementor-element.elementor-element-c6a88f9::before, .elementor-877 .elementor-element.elementor-element-c6a88f9 > .elementor-background-video-container::before, .elementor-877 .elementor-element.elementor-element-c6a88f9 > .e-con-inner > .elementor-background-video-container::before, .elementor-877 .elementor-element.elementor-element-c6a88f9 > .elementor-background-slideshow::before, .elementor-877 .elementor-element.elementor-element-c6a88f9 > .e-con-inner > .elementor-background-slideshow::before, .elementor-877 .elementor-element.elementor-element-c6a88f9 > .elementor-motion-effects-container > .elementor-motion-effects-layer::before{--background-overlay:'';background-color:transparent;background-image:linear-gradient(180deg, #FFFFFF00 50%, #0C0C0C 100%);}.elementor-877 .elementor-element.elementor-element-5a9f7f4{--display:flex;--flex-direction:column;--container-widget-width:100%;--container-widget-height:initial;--container-widget-flex-grow:0;--container-widget-align-self:initial;--flex-wrap-mobile:wrap;--gap:13px 13px;--row-gap:13px;--column-gap:13px;--overlay-opacity:0.3;--padding-top:20px;--padding-bottom:20px;--padding-left:20px;--padding-right:20px;}.elementor-877 .elementor-element.elementor-element-5a9f7f4::before, .elementor-877 .elementor-element.elementor-element-5a9f7f4 > .elementor-background-video-container::before, .elementor-877 .elementor-element.elementor-element-5a9f7f4 > .e-con-inner > .elementor-background-video-container::before, .elementor-877 .elementor-element.elementor-element-5a9f7f4 > .elementor-background-slideshow::before, .elementor-877 .elementor-element.elementor-element-5a9f7f4 > .e-con-inner > .elementor-background-slideshow::before, .elementor-877 .elementor-element.elementor-element-5a9f7f4 > .elementor-motion-effects-container > .elementor-motion-effects-layer::before{--background-overlay:'';background-color:var( --e-global-color-4c4fc66 );}.elementor-877 .elementor-element.elementor-element-348d8f2 .elementor-heading-title{font-family:\"bebas-neue-pro\", Sans-serif;font-size:41px;font-weight:700;text-transform:uppercase;color:var( --e-global-color-0c3e5a2 );}.elementor-877 .elementor-element.elementor-element-f574fbc{font-family:\"Open Sans\", Sans-serif;font-size:18px;font-weight:500;line-height:21.6px;color:var( --e-global-color-text );}@media(max-width:767px){.elementor-877 .elementor-element.elementor-element-5a9f7f4{--width:100%;--gap:15px 15px;--row-gap:15px;--column-gap:15px;--flex-wrap:nowrap;}.elementor-877 .elementor-element.elementor-element-348d8f2 .elementor-heading-title{font-size:39px;}}\/* Start custom CSS for theme-post-title, class: .elementor-element-348d8f2 *\/@media only screen and (max-width: 768px) {\n.elementor-877 .elementor-element.elementor-element-348d8f2.construction  {\n        .elementor-heading-title {\n        font-size: 36px!important;\n        margin-bottom: 5px;\n    }\n}\n}\/* End custom CSS *\/\n\/* Start custom CSS for container, class: .elementor-element-5a9f7f4 *\/.elementor-877 .elementor-element.elementor-element-5a9f7f4 {\n    display: flex;\n    flex-direction: column;\n    overflow: clip;\n    height: 77px;\n    transition: all .4s ease-in-out;\n    backdrop-filter: blur(6px);\n        -webkit-backdrop-filter: blur(6px);\n \n    &:hover {\n    height: 300px!important;\n}   \n}\/* End custom CSS *\/<\/style>\t\t<div data-elementor-type=\"loop-item\" data-elementor-id=\"877\" class=\"elementor elementor-877 e-loop-item e-loop-item-151 post-151 application type-application status-publish has-post-thumbnail hentry\" data-elementor-post-type=\"elementor_library\" data-custom-edit-handle=\"1\">\n\t\t\t<div class=\"elementor-element elementor-element-c6a88f9 e-con-full e-flex e-con e-parent\" data-id=\"c6a88f9\" data-element_type=\"container\" data-e-type=\"container\" id=\"agriculture\" data-settings=\"{&quot;background_background&quot;:&quot;classic&quot;}\">\n\t\t<div class=\"elementor-element elementor-element-5a9f7f4 e-con-full e-flex e-con e-child\" data-id=\"5a9f7f4\" data-element_type=\"container\" data-e-type=\"container\">\n\t\t\t\t<div class=\"elementor-element elementor-element-348d8f2 agriculture elementor-widget elementor-widget-theme-post-title elementor-page-title elementor-widget-heading\" data-id=\"348d8f2\" data-element_type=\"widget\" data-e-type=\"widget\" data-widget_type=\"theme-post-title.default\">\n\t\t\t\t<div class=\"elementor-widget-container\">\n\t\t\t\t\t<h2 class=\"elementor-heading-title elementor-size-default\">Agriculture<\/h2>\t\t\t\t<\/div>\n\t\t\t\t<\/div>\n\t\t\t\t<div class=\"elementor-element elementor-element-f574fbc textBox elementor-widget elementor-widget-text-editor\" data-id=\"f574fbc\" data-element_type=\"widget\" data-e-type=\"widget\" data-widget_type=\"text-editor.default\">\n\t\t\t\t<div class=\"elementor-widget-container\">\n\t\t\t\t\t\t\t\t\tWe offer tailored cable solutions to meet the unique needs of the agricultural sector. Our products are built to withstand the rigorous demands of agricultural environments, ensuring reliable and long-lasting performance.\t\t\t\t\t\t\t\t<\/div>\n\t\t\t\t<\/div>\n\t\t\t\t<\/div>\n\t\t\t\t<\/div>\n\t\t\t\t<\/div>\n\t\t<style id=\"loop-dynamic-877\">.e-loop-item-154 .elementor-element.elementor-element-c6a88f9:not(.elementor-motion-effects-element-type-background), .e-loop-item-154 .elementor-element.elementor-element-c6a88f9 > .elementor-motion-effects-container > .elementor-motion-effects-layer{background-image:url(\"https:\/\/contac.se\/wp-content\/uploads\/2024\/07\/opt-construction-machinery.png\");}<\/style>\t\t<div data-elementor-type=\"loop-item\" data-elementor-id=\"877\" class=\"elementor elementor-877 e-loop-item e-loop-item-154 post-154 application type-application status-publish has-post-thumbnail hentry\" data-elementor-post-type=\"elementor_library\" data-custom-edit-handle=\"1\">\n\t\t\t<div class=\"elementor-element elementor-element-c6a88f9 e-con-full e-flex e-con e-parent\" data-id=\"c6a88f9\" data-element_type=\"container\" data-e-type=\"container\" id=\"construction\" data-settings=\"{&quot;background_background&quot;:&quot;classic&quot;}\">\n\t\t<div class=\"elementor-element elementor-element-5a9f7f4 e-con-full e-flex e-con e-child\" data-id=\"5a9f7f4\" data-element_type=\"container\" data-e-type=\"container\">\n\t\t\t\t<div class=\"elementor-element elementor-element-348d8f2 construction elementor-widget elementor-widget-theme-post-title elementor-page-title elementor-widget-heading\" data-id=\"348d8f2\" data-element_type=\"widget\" data-e-type=\"widget\" data-widget_type=\"theme-post-title.default\">\n\t\t\t\t<div class=\"elementor-widget-container\">\n\t\t\t\t\t<h2 class=\"elementor-heading-title elementor-size-default\">Construction machinery<\/h2>\t\t\t\t<\/div>\n\t\t\t\t<\/div>\n\t\t\t\t<div class=\"elementor-element elementor-element-f574fbc textBox elementor-widget elementor-widget-text-editor\" data-id=\"f574fbc\" data-element_type=\"widget\" data-e-type=\"widget\" data-widget_type=\"text-editor.default\">\n\t\t\t\t<div class=\"elementor-widget-container\">\n\t\t\t\t\t\t\t\t\tOur customized cables are engineered to withstand the extreme conditions of construction machinery, delivering reliable performance and extended lifespan. We understand the critical nature of these applications and design our products to meet the toughest standards.\t\t\t\t\t\t\t\t<\/div>\n\t\t\t\t<\/div>\n\t\t\t\t<\/div>\n\t\t\t\t<\/div>\n\t\t\t\t<\/div>\n\t\t<style id=\"loop-dynamic-877\">.e-loop-item-156 .elementor-element.elementor-element-c6a88f9:not(.elementor-motion-effects-element-type-background), .e-loop-item-156 .elementor-element.elementor-element-c6a88f9 > .elementor-motion-effects-container > .elementor-motion-effects-layer{background-image:url(\"https:\/\/contac.se\/wp-content\/uploads\/2024\/07\/opt-comp.png\");}<\/style>\t\t<div data-elementor-type=\"loop-item\" data-elementor-id=\"877\" class=\"elementor elementor-877 e-loop-item e-loop-item-156 post-156 application type-application status-publish has-post-thumbnail hentry\" data-elementor-post-type=\"elementor_library\" data-custom-edit-handle=\"1\">\n\t\t\t<div class=\"elementor-element elementor-element-c6a88f9 e-con-full e-flex e-con e-parent\" data-id=\"c6a88f9\" data-element_type=\"container\" data-e-type=\"container\" id=\"computers\" data-settings=\"{&quot;background_background&quot;:&quot;classic&quot;}\">\n\t\t<div class=\"elementor-element elementor-element-5a9f7f4 e-con-full e-flex e-con e-child\" data-id=\"5a9f7f4\" data-element_type=\"container\" data-e-type=\"container\">\n\t\t\t\t<div class=\"elementor-element elementor-element-348d8f2 computers elementor-widget elementor-widget-theme-post-title elementor-page-title elementor-widget-heading\" data-id=\"348d8f2\" data-element_type=\"widget\" data-e-type=\"widget\" data-widget_type=\"theme-post-title.default\">\n\t\t\t\t<div class=\"elementor-widget-container\">\n\t\t\t\t\t<h2 class=\"elementor-heading-title elementor-size-default\">Computers<\/h2>\t\t\t\t<\/div>\n\t\t\t\t<\/div>\n\t\t\t\t<div class=\"elementor-element elementor-element-f574fbc textBox elementor-widget elementor-widget-text-editor\" data-id=\"f574fbc\" data-element_type=\"widget\" data-e-type=\"widget\" data-widget_type=\"text-editor.default\">\n\t\t\t\t<div class=\"elementor-widget-container\">\n\t\t\t\t\t\t\t\t\tSpecializing in high-quality cables for computers, we support the latest technology and connectivity standards. Our solutions ensure seamless integration and optimal performance for all types of computing devices.\t\t\t\t\t\t\t\t<\/div>\n\t\t\t\t<\/div>\n\t\t\t\t<\/div>\n\t\t\t\t<\/div>\n\t\t\t\t<\/div>\n\t\t<style id=\"loop-dynamic-877\">.e-loop-item-158 .elementor-element.elementor-element-c6a88f9:not(.elementor-motion-effects-element-type-background), .e-loop-item-158 .elementor-element.elementor-element-c6a88f9 > .elementor-motion-effects-container > .elementor-motion-effects-layer{background-image:url(\"https:\/\/contac.se\/wp-content\/uploads\/2024\/07\/opt-industry.png\");}<\/style>\t\t<div data-elementor-type=\"loop-item\" data-elementor-id=\"877\" class=\"elementor elementor-877 e-loop-item e-loop-item-158 post-158 application type-application status-publish has-post-thumbnail hentry\" data-elementor-post-type=\"elementor_library\" data-custom-edit-handle=\"1\">\n\t\t\t<div class=\"elementor-element elementor-element-c6a88f9 e-con-full e-flex e-con e-parent\" data-id=\"c6a88f9\" data-element_type=\"container\" data-e-type=\"container\" id=\"industry\" data-settings=\"{&quot;background_background&quot;:&quot;classic&quot;}\">\n\t\t<div class=\"elementor-element elementor-element-5a9f7f4 e-con-full e-flex e-con e-child\" data-id=\"5a9f7f4\" data-element_type=\"container\" data-e-type=\"container\">\n\t\t\t\t<div class=\"elementor-element elementor-element-348d8f2 industry elementor-widget elementor-widget-theme-post-title elementor-page-title elementor-widget-heading\" data-id=\"348d8f2\" data-element_type=\"widget\" data-e-type=\"widget\" data-widget_type=\"theme-post-title.default\">\n\t\t\t\t<div class=\"elementor-widget-container\">\n\t\t\t\t\t<h2 class=\"elementor-heading-title elementor-size-default\">Industry<\/h2>\t\t\t\t<\/div>\n\t\t\t\t<\/div>\n\t\t\t\t<div class=\"elementor-element elementor-element-f574fbc textBox elementor-widget elementor-widget-text-editor\" data-id=\"f574fbc\" data-element_type=\"widget\" data-e-type=\"widget\" data-widget_type=\"text-editor.default\">\n\t\t\t\t<div class=\"elementor-widget-container\">\n\t\t\t\t\t\t\t\t\tWe provide robust and reliable cable solutions designed to meet the demanding needs of various industrial applications. Our products ensure high performance and durability in even the harshest environments.\t\t\t\t\t\t\t\t<\/div>\n\t\t\t\t<\/div>\n\t\t\t\t<\/div>\n\t\t\t\t<\/div>\n\t\t\t\t<\/div>\n\t\t<style id=\"loop-dynamic-877\">.e-loop-item-161 .elementor-element.elementor-element-c6a88f9:not(.elementor-motion-effects-element-type-background), .e-loop-item-161 .elementor-element.elementor-element-c6a88f9 > .elementor-motion-effects-container > .elementor-motion-effects-layer{background-image:url(\"https:\/\/contac.se\/wp-content\/uploads\/2024\/07\/opt-health.png\");}<\/style>\t\t<div data-elementor-type=\"loop-item\" data-elementor-id=\"877\" class=\"elementor elementor-877 e-loop-item e-loop-item-161 post-161 application type-application status-publish has-post-thumbnail hentry\" data-elementor-post-type=\"elementor_library\" data-custom-edit-handle=\"1\">\n\t\t\t<div class=\"elementor-element elementor-element-c6a88f9 e-con-full e-flex e-con e-parent\" data-id=\"c6a88f9\" data-element_type=\"container\" data-e-type=\"container\" id=\"health\" data-settings=\"{&quot;background_background&quot;:&quot;classic&quot;}\">\n\t\t<div class=\"elementor-element elementor-element-5a9f7f4 e-con-full e-flex e-con e-child\" data-id=\"5a9f7f4\" data-element_type=\"container\" data-e-type=\"container\">\n\t\t\t\t<div class=\"elementor-element elementor-element-348d8f2 health elementor-widget elementor-widget-theme-post-title elementor-page-title elementor-widget-heading\" data-id=\"348d8f2\" data-element_type=\"widget\" data-e-type=\"widget\" data-widget_type=\"theme-post-title.default\">\n\t\t\t\t<div class=\"elementor-widget-container\">\n\t\t\t\t\t<h2 class=\"elementor-heading-title elementor-size-default\">Health care<\/h2>\t\t\t\t<\/div>\n\t\t\t\t<\/div>\n\t\t\t\t<div class=\"elementor-element elementor-element-f574fbc textBox elementor-widget elementor-widget-text-editor\" data-id=\"f574fbc\" data-element_type=\"widget\" data-e-type=\"widget\" data-widget_type=\"text-editor.default\">\n\t\t\t\t<div class=\"elementor-widget-container\">\n\t\t\t\t\t\t\t\t\tOur cable solutions for renewable energy systems are designed to be durable, efficient, and supportive of sustainable energy growth. We provide products that ensure reliable operation in wind, solar, and other renewable energy applications.\t\t\t\t\t\t\t\t<\/div>\n\t\t\t\t<\/div>\n\t\t\t\t<\/div>\n\t\t\t\t<\/div>\n\t\t\t\t<\/div>\n\t\t<style id=\"loop-dynamic-877\">.e-loop-item-164 .elementor-element.elementor-element-c6a88f9:not(.elementor-motion-effects-element-type-background), .e-loop-item-164 .elementor-element.elementor-element-c6a88f9 > .elementor-motion-effects-container > .elementor-motion-effects-layer{background-image:url(\"https:\/\/contac.se\/wp-content\/uploads\/2024\/07\/opt-renew.png\");}<\/style>\t\t<div data-elementor-type=\"loop-item\" data-elementor-id=\"877\" class=\"elementor elementor-877 e-loop-item e-loop-item-164 post-164 application type-application status-publish has-post-thumbnail hentry\" data-elementor-post-type=\"elementor_library\" data-custom-edit-handle=\"1\">\n\t\t\t<div class=\"elementor-element elementor-element-c6a88f9 e-con-full e-flex e-con e-parent\" data-id=\"c6a88f9\" data-element_type=\"container\" data-e-type=\"container\" id=\"renewable\" data-settings=\"{&quot;background_background&quot;:&quot;classic&quot;}\">\n\t\t<div class=\"elementor-element elementor-element-5a9f7f4 e-con-full e-flex e-con e-child\" data-id=\"5a9f7f4\" data-element_type=\"container\" data-e-type=\"container\">\n\t\t\t\t<div class=\"elementor-element elementor-element-348d8f2 renewable elementor-widget elementor-widget-theme-post-title elementor-page-title elementor-widget-heading\" data-id=\"348d8f2\" data-element_type=\"widget\" data-e-type=\"widget\" data-widget_type=\"theme-post-title.default\">\n\t\t\t\t<div class=\"elementor-widget-container\">\n\t\t\t\t\t<h2 class=\"elementor-heading-title elementor-size-default\">Renewable energy<\/h2>\t\t\t\t<\/div>\n\t\t\t\t<\/div>\n\t\t\t\t<div class=\"elementor-element elementor-element-f574fbc textBox elementor-widget elementor-widget-text-editor\" data-id=\"f574fbc\" data-element_type=\"widget\" data-e-type=\"widget\" data-widget_type=\"text-editor.default\">\n\t\t\t\t<div class=\"elementor-widget-container\">\n\t\t\t\t\t\t\t\t\tOur cable solutions for renewable energy systems are designed to be durable, efficient, and supportive of sustainable energy growth. We provide products that ensure reliable operation in wind, solar, and other renewable energy applications.\t\t\t\t\t\t\t\t<\/div>\n\t\t\t\t<\/div>\n\t\t\t\t<\/div>\n\t\t\t\t<\/div>\n\t\t\t\t<\/div>\n\t\t\t\t<\/div>\n\t\t\n\t\t\t\t\t\t<\/div>\n\t\t\t\t<\/div>\n\t\t\t\t\t<\/div>\n\t\t\t\t<\/div>\n\t\t<div class=\"elementor-element elementor-element-0c68bf7 e-flex e-con-boxed e-con e-parent\" data-id=\"0c68bf7\" data-element_type=\"container\" data-e-type=\"container\">\n\t\t\t\t\t<div class=\"e-con-inner\">\n\t\t\t\t<div class=\"elementor-element elementor-element-5d9f371 elementor-widget elementor-widget-heading\" data-id=\"5d9f371\" data-element_type=\"widget\" data-e-type=\"widget\" data-widget_type=\"heading.default\">\n\t\t\t\t<div class=\"elementor-widget-container\">\n\t\t\t\t\t<h3 class=\"elementor-heading-title elementor-size-default\">WE ARE ALWAYS LOOKING FOR<br>\n<span style=\"font-weight: 700\">THE RIGHT WAY TO MEET YOUR CHALLENGES<\/span><\/h3>\t\t\t\t<\/div>\n\t\t\t\t<\/div>\n\t\t\t\t\t<\/div>\n\t\t\t\t<\/div>\n\t\t\t\t<\/div>\n\t\t","protected":false},"excerpt":{"rendered":"<p>VI LETAR ALLTID EFTER R\u00c4TT S\u00c4TT ATT M\u00d6TA DINA UTMANINGAR<\/p>","protected":false},"author":1,"featured_media":0,"parent":0,"menu_order":0,"comment_status":"closed","ping_status":"closed","template":"","meta":{"_acf_changed":false,"footnotes":""},"class_list":["post-42","page","type-page","status-publish","hentry"],"acf":[],"_links":{"self":[{"href":"https:\/\/contac.se\/sv\/wp-json\/wp\/v2\/pages\/42","targetHints":{"allow":["GET"]}}],"collection":[{"href":"https:\/\/contac.se\/sv\/wp-json\/wp\/v2\/pages"}],"about":[{"href":"https:\/\/contac.se\/sv\/wp-json\/wp\/v2\/types\/page"}],"author":[{"embeddable":true,"href":"https:\/\/contac.se\/sv\/wp-json\/wp\/v2\/users\/1"}],"replies":[{"embeddable":true,"href":"https:\/\/contac.se\/sv\/wp-json\/wp\/v2\/comments?post=42"}],"version-history":[{"count":53,"href":"https:\/\/contac.se\/sv\/wp-json\/wp\/v2\/pages\/42\/revisions"}],"predecessor-version":[{"id":1785,"href":"https:\/\/contac.se\/sv\/wp-json\/wp\/v2\/pages\/42\/revisions\/1785"}],"wp:attachment":[{"href":"https:\/\/contac.se\/sv\/wp-json\/wp\/v2\/media?parent=42"}],"curies":[{"name":"wp","href":"https:\/\/api.w.org\/{rel}","templated":true}]}}