{"id":44,"date":"2024-06-25T06:42:03","date_gmt":"2024-06-25T06:42:03","guid":{"rendered":"https:\/\/contac.se\/?page_id=44"},"modified":"2024-09-29T18:22:35","modified_gmt":"2024-09-29T18:22:35","slug":"about-us","status":"publish","type":"page","link":"https:\/\/contac.se\/de\/about-us\/","title":{"rendered":"\u00dcber uns"},"content":{"rendered":"<div data-elementor-type=\"wp-page\" data-elementor-id=\"44\" class=\"elementor elementor-44\" data-elementor-post-type=\"page\">\n\t\t\t\t<div class=\"elementor-element elementor-element-6b80003 e-con-full e-flex e-con e-parent\" data-id=\"6b80003\" data-element_type=\"container\" data-e-type=\"container\" data-settings=\"{&quot;background_background&quot;:&quot;classic&quot;}\">\n\t\t<div class=\"elementor-element elementor-element-bc5d734 e-flex e-con-boxed e-con e-child\" data-id=\"bc5d734\" data-element_type=\"container\" data-e-type=\"container\" data-settings=\"{&quot;position&quot;:&quot;absolute&quot;}\">\n\t\t\t\t\t<div class=\"e-con-inner\">\n\t\t\t\t\t<\/div>\n\t\t\t\t<\/div>\n\t\t<div class=\"elementor-element elementor-element-0ef3a35 e-flex e-con-boxed e-con e-child\" data-id=\"0ef3a35\" data-element_type=\"container\" data-e-type=\"container\" data-settings=\"{&quot;background_background&quot;:&quot;classic&quot;}\">\n\t\t\t\t\t<div class=\"e-con-inner\">\n\t\t\t\t<div class=\"elementor-element elementor-element-b9ee6ef elementor-widget elementor-widget-heading\" data-id=\"b9ee6ef\" data-element_type=\"widget\" data-e-type=\"widget\" data-widget_type=\"heading.default\">\n\t\t\t\t<div class=\"elementor-widget-container\">\n\t\t\t\t\t<h1 class=\"elementor-heading-title elementor-size-default\">\u00dcber uns<\/h1>\t\t\t\t<\/div>\n\t\t\t\t<\/div>\n\t\t<div class=\"elementor-element elementor-element-df43e6d e-con-full e-flex e-con e-child\" data-id=\"df43e6d\" data-element_type=\"container\" data-e-type=\"container\">\n\t\t<div class=\"elementor-element elementor-element-a6997ed e-con-full e-flex e-con e-child\" data-id=\"a6997ed\" data-element_type=\"container\" data-e-type=\"container\">\n\t\t\t\t<div class=\"elementor-element elementor-element-b8a5171 elementor-widget elementor-widget-heading\" data-id=\"b8a5171\" data-element_type=\"widget\" data-e-type=\"widget\" data-widget_type=\"heading.default\">\n\t\t\t\t<div class=\"elementor-widget-container\">\n\t\t\t\t\t<h2 class=\"elementor-heading-title elementor-size-default\">Verkauf an<\/h2>\t\t\t\t<\/div>\n\t\t\t\t<\/div>\n\t\t\t\t<div class=\"elementor-element elementor-element-5398586 elementor-widget elementor-widget-counter\" data-id=\"5398586\" data-element_type=\"widget\" data-e-type=\"widget\" data-widget_type=\"counter.default\">\n\t\t\t\t<div class=\"elementor-widget-container\">\n\t\t\t\t\t\t\t<div class=\"elementor-counter\">\n\t\t\t<div class=\"elementor-counter-title\">L\u00e4nder<\/div>\t\t\t<div class=\"elementor-counter-number-wrapper\">\n\t\t\t\t<span class=\"elementor-counter-number-prefix\"><\/span>\n\t\t\t\t<span class=\"elementor-counter-number\" data-duration=\"2000\" data-to-value=\"28\" data-from-value=\"0\" data-delimiter=\",\">0<\/span>\n\t\t\t\t<span class=\"elementor-counter-number-suffix\"><\/span>\n\t\t\t<\/div>\n\t\t<\/div>\n\t\t\t\t\t\t<\/div>\n\t\t\t\t<\/div>\n\t\t\t\t<\/div>\n\t\t<div class=\"elementor-element elementor-element-c165b2c e-con-full e-flex e-con e-child\" data-id=\"c165b2c\" data-element_type=\"container\" data-e-type=\"container\">\n\t\t\t\t<div class=\"elementor-element elementor-element-0fe9c2f elementor-widget elementor-widget-heading\" data-id=\"0fe9c2f\" data-element_type=\"widget\" data-e-type=\"widget\" data-widget_type=\"heading.default\">\n\t\t\t\t<div class=\"elementor-widget-container\">\n\t\t\t\t\t<h2 class=\"elementor-heading-title elementor-size-default\">Liefern<\/h2>\t\t\t\t<\/div>\n\t\t\t\t<\/div>\n\t\t\t\t<div class=\"elementor-element elementor-element-a26436d elementor-widget elementor-widget-counter\" data-id=\"a26436d\" data-element_type=\"widget\" data-e-type=\"widget\" data-widget_type=\"counter.default\">\n\t\t\t\t<div class=\"elementor-widget-container\">\n\t\t\t\t\t\t\t<div class=\"elementor-counter\">\n\t\t\t<div class=\"elementor-counter-title\">Einzigartige Artikel<\/div>\t\t\t<div class=\"elementor-counter-number-wrapper\">\n\t\t\t\t<span class=\"elementor-counter-number-prefix\"><\/span>\n\t\t\t\t<span class=\"elementor-counter-number\" data-duration=\"2000\" data-to-value=\"4000\" data-from-value=\"0\" data-delimiter=\",\">0<\/span>\n\t\t\t\t<span class=\"elementor-counter-number-suffix\"><\/span>\n\t\t\t<\/div>\n\t\t<\/div>\n\t\t\t\t\t\t<\/div>\n\t\t\t\t<\/div>\n\t\t\t\t<\/div>\n\t\t<div class=\"elementor-element elementor-element-9b8d4db e-con-full e-flex e-con e-child\" data-id=\"9b8d4db\" data-element_type=\"container\" data-e-type=\"container\">\n\t\t\t\t<div class=\"elementor-element elementor-element-b9db318 elementor-widget elementor-widget-heading\" data-id=\"b9db318\" data-element_type=\"widget\" data-e-type=\"widget\" data-widget_type=\"heading.default\">\n\t\t\t\t<div class=\"elementor-widget-container\">\n\t\t\t\t\t<h2 class=\"elementor-heading-title elementor-size-default\">Anstellung<\/h2>\t\t\t\t<\/div>\n\t\t\t\t<\/div>\n\t\t\t\t<div class=\"elementor-element elementor-element-3e9a5c3 elementor-widget elementor-widget-counter\" data-id=\"3e9a5c3\" data-element_type=\"widget\" data-e-type=\"widget\" data-widget_type=\"counter.default\">\n\t\t\t\t<div class=\"elementor-widget-container\">\n\t\t\t\t\t\t\t<div class=\"elementor-counter\">\n\t\t\t<div class=\"elementor-counter-title\">Menschen<\/div>\t\t\t<div class=\"elementor-counter-number-wrapper\">\n\t\t\t\t<span class=\"elementor-counter-number-prefix\"><\/span>\n\t\t\t\t<span class=\"elementor-counter-number\" data-duration=\"2000\" data-to-value=\"290\" data-from-value=\"0\" data-delimiter=\",\">0<\/span>\n\t\t\t\t<span class=\"elementor-counter-number-suffix\"><\/span>\n\t\t\t<\/div>\n\t\t<\/div>\n\t\t\t\t\t\t<\/div>\n\t\t\t\t<\/div>\n\t\t\t\t<\/div>\n\t\t\t\t<\/div>\n\t\t\t\t\t<\/div>\n\t\t\t\t<\/div>\n\t\t\t\t<\/div>\n\t\t<div class=\"elementor-element elementor-element-e8451f0 e-flex e-con-boxed e-con e-parent\" data-id=\"e8451f0\" data-element_type=\"container\" data-e-type=\"container\" data-settings=\"{&quot;background_background&quot;:&quot;classic&quot;}\">\n\t\t\t\t\t<div class=\"e-con-inner\">\n\t\t<div class=\"elementor-element elementor-element-81656da e-con-full e-flex e-con e-child\" data-id=\"81656da\" data-element_type=\"container\" data-e-type=\"container\" data-settings=\"{&quot;position&quot;:&quot;absolute&quot;,&quot;background_background&quot;:&quot;classic&quot;}\">\n\t\t\t\t<\/div>\n\t\t<div class=\"elementor-element elementor-element-122ac04 e-con-full e-flex e-con e-child\" data-id=\"122ac04\" data-element_type=\"container\" data-e-type=\"container\">\n\t\t<div class=\"elementor-element elementor-element-5eb55ae e-con-full e-flex e-con e-child\" data-id=\"5eb55ae\" data-element_type=\"container\" data-e-type=\"container\" data-settings=\"{&quot;background_background&quot;:&quot;classic&quot;}\">\n\t\t\t\t<div class=\"elementor-element elementor-element-be37739 elementor-widget elementor-widget-heading\" data-id=\"be37739\" data-element_type=\"widget\" data-e-type=\"widget\" data-widget_type=\"heading.default\">\n\t\t\t\t<div class=\"elementor-widget-container\">\n\t\t\t\t\t<h2 class=\"elementor-heading-title elementor-size-default\">Individuell <span style=\"font-weight: 700\">Kabell\u00f6sungen<\/span><\/h2>\t\t\t\t<\/div>\n\t\t\t\t<\/div>\n\t\t\t\t<div class=\"elementor-element elementor-element-071b97c elementor-widget__width-initial elementor-widget elementor-widget-text-editor\" data-id=\"071b97c\" data-element_type=\"widget\" data-e-type=\"widget\" data-widget_type=\"text-editor.default\">\n\t\t\t\t<div class=\"elementor-widget-container\">\n\t\t\t\t\t\t\t\t\t<p>Bei Contac sind wir stolz darauf, innovative und kosteng\u00fcnstige ma\u00dfgeschneiderte Kabell\u00f6sungen zu liefern, die die komplexesten Herausforderungen meistern. Unsere umfangreiche Produktpalette umfasst geformte Kabel, Kabelb\u00e4ume, Steckverbinder und montierte Produkte wie Paneele und elektromechanische Baugruppen. Mit Produktionsst\u00e4tten an strategischen Standorten in Schweden, Deutschland, Rum\u00e4nien und China k\u00f6nnen wir sowohl kleine als auch gro\u00dfe Mengen verarbeiten und so qualitativ hochwertige L\u00f6sungen gew\u00e4hrleisten, die auf die individuellen Bed\u00fcrfnisse unserer Kunden zugeschnitten sind. Indem wir kritische Produktionsschritte intern durchf\u00fchren, garantieren wir Spitzenqualit\u00e4t in jeder Phase. Das nennen wir eine Contac-L\u00f6sung.<\/p>\t\t\t\t\t\t\t\t<\/div>\n\t\t\t\t<\/div>\n\t\t\t\t<\/div>\n\t\t<div class=\"elementor-element elementor-element-a3c8c05 e-con-full e-flex e-con e-child\" data-id=\"a3c8c05\" data-element_type=\"container\" data-e-type=\"container\" data-settings=\"{&quot;background_background&quot;:&quot;classic&quot;}\">\n\t\t\t\t<div class=\"elementor-element elementor-element-e616f0d elementor-widget__width-initial elementor-widget elementor-widget-heading\" data-id=\"e616f0d\" data-element_type=\"widget\" data-e-type=\"widget\" data-widget_type=\"heading.default\">\n\t\t\t\t<div class=\"elementor-widget-container\">\n\t\t\t\t\t<h2 class=\"elementor-heading-title elementor-size-default\"><span style=\"font-weight: 700\">Unsere Produktion<\/span> - Vollst\u00e4ndig kontrolliert und flexibel<\/h2>\t\t\t\t<\/div>\n\t\t\t\t<\/div>\n\t\t\t\t<div class=\"elementor-element elementor-element-f734dd6 elementor-widget__width-initial elementor-widget elementor-widget-text-editor\" data-id=\"f734dd6\" data-element_type=\"widget\" data-e-type=\"widget\" data-widget_type=\"text-editor.default\">\n\t\t\t\t<div class=\"elementor-widget-container\">\n\t\t\t\t\t\t\t\t\t<p>Unsere hochmodernen Produktionsanlagen in Schweden, Rum\u00e4nien und China erm\u00f6glichen es uns, einen vielf\u00e4ltigen L\u00f6sungsmix anzubieten. Von geformten Kabeln \u00fcber verschiedene Metalle und Kunststoffe bis hin zu speziellen Textill\u00f6sungen sind unsere Produktionsanlagen mit der neuesten Technologie ausgestattet, um Ihren Anforderungen gerecht zu werden. Ob einfache Kabell\u00f6sungen oder komplexe Systeme mit fortschrittlichen Leiterplatten und individuell geformten Kabeln \u2013 unser globales Netzwerk vertrauensw\u00fcrdiger Komponentenlieferanten und lokale Produktionskapazit\u00e4ten sorgen daf\u00fcr, dass wir schnell und effizient liefern.<\/p>\t\t\t\t\t\t\t\t<\/div>\n\t\t\t\t<\/div>\n\t\t\t\t<\/div>\n\t\t\t\t<\/div>\n\t\t<div class=\"elementor-element elementor-element-0396b8c e-con-full e-flex e-con e-child\" data-id=\"0396b8c\" data-element_type=\"container\" data-e-type=\"container\">\n\t\t<div class=\"elementor-element elementor-element-c5d0628 e-con-full e-flex e-con e-child\" data-id=\"c5d0628\" data-element_type=\"container\" data-e-type=\"container\" data-settings=\"{&quot;background_background&quot;:&quot;classic&quot;}\">\n\t\t\t\t<div class=\"elementor-element elementor-element-6938f19 elementor-widget elementor-widget-image\" data-id=\"6938f19\" data-element_type=\"widget\" data-e-type=\"widget\" data-widget_type=\"image.default\">\n\t\t\t\t<div class=\"elementor-widget-container\">\n\t\t\t\t\t\t\t\t\t\t\t\t\t\t\t<img fetchpriority=\"high\" decoding=\"async\" width=\"673\" height=\"398\" src=\"https:\/\/contac.se\/wp-content\/uploads\/2024\/07\/191031_Produktion_ljungby_123-2.jpg\" class=\"attachment-large size-large wp-image-818\" alt=\"\" srcset=\"https:\/\/contac.se\/wp-content\/uploads\/2024\/07\/191031_Produktion_ljungby_123-2.jpg 673w, https:\/\/contac.se\/wp-content\/uploads\/2024\/07\/191031_Produktion_ljungby_123-2-300x177.jpg 300w, https:\/\/contac.se\/wp-content\/uploads\/2024\/07\/191031_Produktion_ljungby_123-2-18x12.jpg 18w\" sizes=\"(max-width: 673px) 100vw, 673px\" \/>\t\t\t\t\t\t\t\t\t\t\t\t\t\t\t<\/div>\n\t\t\t\t<\/div>\n\t\t\t\t<\/div>\n\t\t<div class=\"elementor-element elementor-element-f5f0c83 e-con-full e-flex e-con e-child\" data-id=\"f5f0c83\" data-element_type=\"container\" data-e-type=\"container\" data-settings=\"{&quot;background_background&quot;:&quot;classic&quot;}\">\n\t\t\t\t<div class=\"elementor-element elementor-element-011ddee elementor-widget elementor-widget-heading\" data-id=\"011ddee\" data-element_type=\"widget\" data-e-type=\"widget\" data-widget_type=\"heading.default\">\n\t\t\t\t<div class=\"elementor-widget-container\">\n\t\t\t\t\t<h2 class=\"elementor-heading-title elementor-size-default\">Ein weltweit f\u00fchrendes Unternehmen<\/h2>\t\t\t\t<\/div>\n\t\t\t\t<\/div>\n\t\t\t\t<div class=\"elementor-element elementor-element-1b0d1fd elementor-widget__width-initial elementor-widget elementor-widget-text-editor\" data-id=\"1b0d1fd\" data-element_type=\"widget\" data-e-type=\"widget\" data-widget_type=\"text-editor.default\">\n\t\t\t\t<div class=\"elementor-widget-container\">\n\t\t\t\t\t\t\t\t\t<p>Contac hat sich zu einem weltweit f\u00fchrenden Anbieter von speziellen und kundenspezifischen Kabel- und Steckverbinderl\u00f6sungen entwickelt. Im Laufe der Jahre haben wir unsere Kapazit\u00e4ten kontinuierlich erweitert und neue Technologien und Methoden eingef\u00fchrt, um unsere Kunden besser bedienen zu k\u00f6nnen. Unser Weg ist gepr\u00e4gt von einem unersch\u00fctterlichen Engagement f\u00fcr Qualit\u00e4t und dem Bestreben, den Fortschritten in der Branche immer einen Schritt voraus zu sein, um sicherzustellen, dass wir immer die bestm\u00f6glichen L\u00f6sungen liefern.<\/p>\t\t\t\t\t\t\t\t<\/div>\n\t\t\t\t<\/div>\n\t\t\t\t<\/div>\n\t\t\t\t<\/div>\n\t\t\t\t\t<\/div>\n\t\t\t\t<\/div>\n\t\t<div class=\"elementor-element elementor-element-5d12e31 e-con-full e-flex e-con e-parent\" data-id=\"5d12e31\" data-element_type=\"container\" data-e-type=\"container\">\n\t\t<div class=\"elementor-element elementor-element-2a5e4d9 e-con-full e-flex e-con e-child\" data-id=\"2a5e4d9\" data-element_type=\"container\" data-e-type=\"container\">\n\t\t<div class=\"elementor-element elementor-element-fe4e962 e-con-full e-flex e-con e-child\" data-id=\"fe4e962\" data-element_type=\"container\" data-e-type=\"container\" data-settings=\"{&quot;background_background&quot;:&quot;classic&quot;}\">\n\t\t\t\t<\/div>\n\t\t<div class=\"elementor-element elementor-element-f1b0aff e-con-full elementor-hidden-mobile e-flex e-con e-child\" data-id=\"f1b0aff\" data-element_type=\"container\" data-e-type=\"container\" data-settings=\"{&quot;background_background&quot;:&quot;classic&quot;}\">\n\t\t\t\t<\/div>\n\t\t\t\t<\/div>\n\t\t<div class=\"elementor-element elementor-element-96e6650 e-con-full e-flex e-con e-child\" data-id=\"96e6650\" data-element_type=\"container\" data-e-type=\"container\" data-settings=\"{&quot;background_background&quot;:&quot;classic&quot;}\">\n\t\t<div class=\"elementor-element elementor-element-8e28f7c e-con-full elementor-hidden-mobile e-flex e-con e-child\" data-id=\"8e28f7c\" data-element_type=\"container\" data-e-type=\"container\" data-settings=\"{&quot;background_background&quot;:&quot;classic&quot;}\">\n\t\t\t\t<\/div>\n\t\t<div class=\"elementor-element elementor-element-0fb57a2 e-con-full elementor-hidden-mobile e-flex e-con e-child\" data-id=\"0fb57a2\" data-element_type=\"container\" data-e-type=\"container\" data-settings=\"{&quot;background_background&quot;:&quot;classic&quot;}\">\n\t\t\t\t<\/div>\n\t\t\t\t<\/div>\n\t\t<div class=\"elementor-element elementor-element-cae3e47 e-flex e-con-boxed e-con e-child\" data-id=\"cae3e47\" data-element_type=\"container\" data-e-type=\"container\">\n\t\t\t\t\t<div class=\"e-con-inner\">\n\t\t\t\t<div class=\"elementor-element elementor-element-5257e28 elementor-widget elementor-widget-heading\" data-id=\"5257e28\" data-element_type=\"widget\" data-e-type=\"widget\" data-widget_type=\"heading.default\">\n\t\t\t\t<div class=\"elementor-widget-container\">\n\t\t\t\t\t<h2 class=\"elementor-heading-title elementor-size-default\">Im Herzen von Contac\u00a0<\/h2>\t\t\t\t<\/div>\n\t\t\t\t<\/div>\n\t\t\t\t<div class=\"elementor-element elementor-element-7f1ee63 elementor-widget__width-initial elementor-widget elementor-widget-text-editor\" data-id=\"7f1ee63\" data-element_type=\"widget\" data-e-type=\"widget\" data-widget_type=\"text-editor.default\">\n\t\t\t\t<div class=\"elementor-widget-container\">\n\t\t\t\t\t\t\t\t\t<p>Qualit\u00e4t, Innovation, Kundenorientierung und Nachhaltigkeit stehen im Mittelpunkt unseres Handelns. Diese Werte bestimmen unsere Gesch\u00e4ftst\u00e4tigkeit und unsere Entscheidungsprozesse und stellen sicher, dass wir die Erwartungen unserer Kunden stets \u00fcbertreffen. Wir glauben daran, L\u00f6sungen zu schaffen, die den Gesch\u00e4ftsbetrieb unserer Kunden erheblich aufwerten und so zu ihrem Erfolg beitragen.<\/p>\t\t\t\t\t\t\t\t<\/div>\n\t\t\t\t<\/div>\n\t\t\t\t<div class=\"elementor-element elementor-element-ab59846 elementor-widget elementor-widget-spacer\" data-id=\"ab59846\" data-element_type=\"widget\" data-e-type=\"widget\" data-widget_type=\"spacer.default\">\n\t\t\t\t<div class=\"elementor-widget-container\">\n\t\t\t\t\t\t\t<div class=\"elementor-spacer\">\n\t\t\t<div class=\"elementor-spacer-inner\"><\/div>\n\t\t<\/div>\n\t\t\t\t\t\t<\/div>\n\t\t\t\t<\/div>\n\t\t\t\t<div class=\"elementor-element elementor-element-82da750 elementor-widget elementor-widget-heading\" data-id=\"82da750\" data-element_type=\"widget\" data-e-type=\"widget\" data-widget_type=\"heading.default\">\n\t\t\t\t<div class=\"elementor-widget-container\">\n\t\t\t\t\t<h2 class=\"elementor-heading-title elementor-size-default\">Unser Engagement\u00a0<\/h2>\t\t\t\t<\/div>\n\t\t\t\t<\/div>\n\t\t\t\t<div class=\"elementor-element elementor-element-bfb81d2 elementor-widget__width-initial elementor-widget elementor-widget-text-editor\" data-id=\"bfb81d2\" data-element_type=\"widget\" data-e-type=\"widget\" data-widget_type=\"text-editor.default\">\n\t\t\t\t<div class=\"elementor-widget-container\">\n\t\t\t\t\t\t\t\t\t<p>Wir streben nach kontinuierlicher Verbesserung, bleiben an der Spitze des technologischen Fortschritts und erf\u00fcllen die h\u00f6chsten Standards in puncto Leistung und Zuverl\u00e4ssigkeit. Unser Ziel ist es, unseren Kunden L\u00f6sungen zu bieten, die sowohl ihren Erfolg als auch ihre Nachhaltigkeitsambitionen f\u00f6rdern, und sicherzustellen, dass wir ein vertrauensw\u00fcrdiger Partner f\u00fcr ihr Wachstum bleiben.<\/p>\t\t\t\t\t\t\t\t<\/div>\n\t\t\t\t<\/div>\n\t\t\t\t\t<\/div>\n\t\t\t\t<\/div>\n\t\t\t\t<\/div>\n\t\t<div class=\"elementor-element elementor-element-fc2983e e-flex e-con-boxed e-con e-parent\" data-id=\"fc2983e\" data-element_type=\"container\" data-e-type=\"container\">\n\t\t\t\t\t<div class=\"e-con-inner\">\n\t\t\t\t<div class=\"elementor-element elementor-element-ee09721 elementor-widget elementor-widget-heading\" data-id=\"ee09721\" data-element_type=\"widget\" data-e-type=\"widget\" data-widget_type=\"heading.default\">\n\t\t\t\t<div class=\"elementor-widget-container\">\n\t\t\t\t\t<h2 class=\"elementor-heading-title elementor-size-default\">unsere Geschichte<\/h2>\t\t\t\t<\/div>\n\t\t\t\t<\/div>\n\t\t\t\t<div class=\"elementor-element elementor-element-6bdcb11 elementor-hidden-tablet elementor-hidden-mobile elementor-widget elementor-widget-image\" data-id=\"6bdcb11\" data-element_type=\"widget\" data-e-type=\"widget\" data-widget_type=\"image.default\">\n\t\t\t\t<div class=\"elementor-widget-container\">\n\t\t\t\t\t\t\t\t\t\t\t\t\t\t\t<img decoding=\"async\" width=\"1299\" height=\"834\" src=\"https:\/\/contac.se\/wp-content\/uploads\/2024\/09\/Timeline_new.svg\" class=\"attachment-full size-full wp-image-1407\" alt=\"\" \/>\t\t\t\t\t\t\t\t\t\t\t\t\t\t\t<\/div>\n\t\t\t\t<\/div>\n\t\t\t\t<div class=\"elementor-element elementor-element-056f323 elementor-hidden-desktop elementor-widget-tablet__width-initial elementor-widget elementor-widget-image\" data-id=\"056f323\" data-element_type=\"widget\" data-e-type=\"widget\" data-widget_type=\"image.default\">\n\t\t\t\t<div class=\"elementor-widget-container\">\n\t\t\t\t\t\t\t\t\t\t\t\t\t\t\t<img decoding=\"async\" width=\"201\" height=\"1024\" src=\"https:\/\/contac.se\/wp-content\/uploads\/2024\/08\/opt-timeLine-mob.svg\" class=\"attachment-large size-large wp-image-1292\" alt=\"\" \/>\t\t\t\t\t\t\t\t\t\t\t\t\t\t\t<\/div>\n\t\t\t\t<\/div>\n\t\t\t\t\t<\/div>\n\t\t\t\t<\/div>\n\t\t<div class=\"elementor-element elementor-element-5849ec0 e-flex e-con-boxed e-con e-parent\" data-id=\"5849ec0\" data-element_type=\"container\" data-e-type=\"container\">\n\t\t\t\t\t<div class=\"e-con-inner\">\n\t\t\t\t<div class=\"elementor-element elementor-element-c467557 elementor-widget elementor-widget-heading\" data-id=\"c467557\" data-element_type=\"widget\" data-e-type=\"widget\" data-widget_type=\"heading.default\">\n\t\t\t\t<div class=\"elementor-widget-container\">\n\t\t\t\t\t<h3 class=\"elementor-heading-title elementor-size-default\">Wir k\u00fcmmern uns um beides<br>\n<span style=\"font-weight: 700\">kleine und gro\u00dfe Mengen<\/span><\/h3>\t\t\t\t<\/div>\n\t\t\t\t<\/div>\n\t\t\t\t\t<\/div>\n\t\t\t\t<\/div>\n\t\t\t\t<\/div>","protected":false},"excerpt":{"rendered":"<p>Selling to Countries 0 Delivering Unique articles 0 Employing People 0 Customized Cable Solutions At Contac, we pride ourselves on delivering innovative and cost-effective customized cable solutions that tackle the most complex challenges. Our extensive range of products includes moulded cables, cable harnesses, connectors, and assembled products such as panels and electro mechanical assemblies. With [&hellip;]<\/p>\n","protected":false},"author":1,"featured_media":0,"parent":0,"menu_order":0,"comment_status":"closed","ping_status":"closed","template":"","meta":{"_acf_changed":false,"footnotes":""},"class_list":["post-44","page","type-page","status-publish","hentry"],"acf":[],"_links":{"self":[{"href":"https:\/\/contac.se\/de\/wp-json\/wp\/v2\/pages\/44","targetHints":{"allow":["GET"]}}],"collection":[{"href":"https:\/\/contac.se\/de\/wp-json\/wp\/v2\/pages"}],"about":[{"href":"https:\/\/contac.se\/de\/wp-json\/wp\/v2\/types\/page"}],"author":[{"embeddable":true,"href":"https:\/\/contac.se\/de\/wp-json\/wp\/v2\/users\/1"}],"replies":[{"embeddable":true,"href":"https:\/\/contac.se\/de\/wp-json\/wp\/v2\/comments?post=44"}],"version-history":[{"count":196,"href":"https:\/\/contac.se\/de\/wp-json\/wp\/v2\/pages\/44\/revisions"}],"predecessor-version":[{"id":1540,"href":"https:\/\/contac.se\/de\/wp-json\/wp\/v2\/pages\/44\/revisions\/1540"}],"wp:attachment":[{"href":"https:\/\/contac.se\/de\/wp-json\/wp\/v2\/media?parent=44"}],"curies":[{"name":"wp","href":"https:\/\/api.w.org\/{rel}","templated":true}]}}